{"id":17,"date":"2022-09-10T18:51:24","date_gmt":"2022-09-11T01:51:24","guid":{"rendered":"http:\/\/ac100.run\/?page_id=17"},"modified":"2025-09-30T00:41:41","modified_gmt":"2025-09-30T07:41:41","slug":"reg","status":"publish","type":"page","link":"https:\/\/ac100.com\/es\/reg\/","title":{"rendered":"Registro"},"content":{"rendered":"<div data-elementor-type=\"wp-page\" data-elementor-id=\"17\" class=\"elementor elementor-17\" data-elementor-post-type=\"page\">\n\t\t\t\t<div class=\"elementor-element elementor-element-81ffbf5 e-flex e-con-boxed e-con e-parent\" data-id=\"81ffbf5\" data-element_type=\"container\" data-e-type=\"container\" data-settings=\"{&quot;background_background&quot;:&quot;classic&quot;}\">\n\t\t\t\t\t<div class=\"e-con-inner\">\n\t\t\t\t<div class=\"elementor-element elementor-element-0184365 elementor-widget elementor-widget-spacer\" data-id=\"0184365\" data-element_type=\"widget\" data-e-type=\"widget\" data-widget_type=\"spacer.default\">\n\t\t\t\t<div class=\"elementor-widget-container\">\n\t\t\t\t\t\t\t<div class=\"elementor-spacer\">\n\t\t\t<div class=\"elementor-spacer-inner\"><\/div>\n\t\t<\/div>\n\t\t\t\t\t\t<\/div>\n\t\t\t\t<\/div>\n\t\t\t\t\t<\/div>\n\t\t\t\t<\/div>\n\t\t<div class=\"elementor-element elementor-element-04b72d0 e-flex e-con-boxed e-con e-parent\" data-id=\"04b72d0\" data-element_type=\"container\" data-e-type=\"container\" data-settings=\"{&quot;background_background&quot;:&quot;classic&quot;}\">\n\t\t\t\t\t<div class=\"e-con-inner\">\n\t\t<div class=\"elementor-element elementor-element-e8a6bd5 e-con-full e-flex e-con e-child\" data-id=\"e8a6bd5\" data-element_type=\"container\" data-e-type=\"container\">\n\t\t\t\t<div class=\"elementor-element elementor-element-9c6d6e1 elementor-widget__width-initial elementor-widget elementor-widget-heading\" data-id=\"9c6d6e1\" data-element_type=\"widget\" data-e-type=\"widget\" data-widget_type=\"heading.default\">\n\t\t\t\t<div class=\"elementor-widget-container\">\n\t\t\t\t\t<h1 class=\"elementor-heading-title elementor-size-default\">36TH ANNUAL\n<\/h1>\t\t\t\t<\/div>\n\t\t\t\t<\/div>\n\t\t\t\t<div class=\"elementor-element elementor-element-4a8f9e5 elementor-widget__width-initial elementor-widget elementor-widget-heading\" data-id=\"4a8f9e5\" data-element_type=\"widget\" data-e-type=\"widget\" data-widget_type=\"heading.default\">\n\t\t\t\t<div class=\"elementor-widget-container\">\n\t\t\t\t\t<h1 class=\"elementor-heading-title elementor-size-default\">CREST DE \u00c1NGELES 100 <br>RESISTENCIA DE MILLA<br \/>CORRER\n<\/h1>\t\t\t\t<\/div>\n\t\t\t\t<\/div>\n\t\t\t\t<\/div>\n\t\t\t\t\t<\/div>\n\t\t\t\t<\/div>\n\t\t<div class=\"elementor-element elementor-element-90eb978 e-flex e-con-boxed e-con e-parent\" data-id=\"90eb978\" data-element_type=\"container\" data-e-type=\"container\">\n\t\t\t\t\t<div class=\"e-con-inner\">\n\t\t<div class=\"elementor-element elementor-element-9458938 e-con-full e-flex e-con e-child\" data-id=\"9458938\" data-element_type=\"container\" data-e-type=\"container\">\n\t\t\t\t<div class=\"elementor-element elementor-element-17c813d elementor-widget__width-initial elementor-widget elementor-widget-heading\" data-id=\"17c813d\" data-element_type=\"widget\" data-e-type=\"widget\" data-widget_type=\"heading.default\">\n\t\t\t\t<div class=\"elementor-widget-container\">\n\t\t\t\t\t<h2 class=\"elementor-heading-title elementor-size-default\">Get Ready for 2026<\/h2>\t\t\t\t<\/div>\n\t\t\t\t<\/div>\n\t\t\t\t<div class=\"elementor-element elementor-element-74e4cc4 elementor-widget elementor-widget-text-editor\" data-id=\"74e4cc4\" data-element_type=\"widget\" data-e-type=\"widget\" data-widget_type=\"text-editor.default\">\n\t\t\t\t<div class=\"elementor-widget-container\">\n\t\t\t\t\t\t\t\t\tLa legendaria carrera de 100 millas comenz\u00f3 en 1986. Una de las cinco carreras originales de 100 millas. AC100 se ha esforzado por mantener pr\u00e1cticamente intacto el recorrido original de punto a punto de la carrera, desde Wrightwood hasta Altadena, preservando al mismo tiempo su nivel de dificultad. Es una de las \u00fanicas 6 carreras de 100 millas de punto a punto en el pa\u00eds. Atravesar\u00e1s 100 millas de las monta\u00f1as de San Gabriel desde elevaciones de 1,135 a 9,300 pies.  \n\t\t\t\t\t\t\t\t<\/div>\n\t\t\t\t<\/div>\n\t\t\t\t<div class=\"elementor-element elementor-element-f0854c3 elementor-widget elementor-widget-text-editor\" data-id=\"f0854c3\" data-element_type=\"widget\" data-e-type=\"widget\" data-widget_type=\"text-editor.default\">\n\t\t\t\t<div class=\"elementor-widget-container\">\n\t\t\t\t\t\t\t\t\t<p data-start=\"63\" data-end=\"190\"><strong data-start=\"63\" data-end=\"122\">The 36th Annual AC100 is scheduled for October 3, 2026.<\/strong><br data-start=\"122\" data-end=\"125\" \/>The Lottery ran from September 19\u201329, 2025 and is now <strong data-start=\"179\" data-end=\"189\">closed<\/strong>.<\/p><p data-start=\"192\" data-end=\"264\"><strong data-start=\"192\" data-end=\"209\">Ready to run?<\/strong> Enter the 2026 AC100 via a <a href=\"https:\/\/ac100.com\/es\/sterling-silver-ticket-races\/\"><strong data-start=\"237\" data-end=\"263\">Sterling Silver Ticket<\/strong><\/a>.<\/p>\t\t\t\t\t\t\t\t<\/div>\n\t\t\t\t<\/div>\n\t\t\t\t<div class=\"elementor-element elementor-element-6b0ab38 elementor-widget__width-initial elementor-mobile-align-center elementor-widget elementor-widget-button\" data-id=\"6b0ab38\" data-element_type=\"widget\" data-e-type=\"widget\" data-widget_type=\"button.default\">\n\t\t\t\t<div class=\"elementor-widget-container\">\n\t\t\t\t\t\t\t\t\t<div class=\"elementor-button-wrapper\">\n\t\t\t\t\t<a class=\"elementor-button elementor-button-link elementor-size-sm\" href=\"https:\/\/ultrasignup.com\/register.aspx?did=129320\" target=\"_blank\">\n\t\t\t\t\t\t<span class=\"elementor-button-content-wrapper\">\n\t\t\t\t\t\t\t\t\t<span class=\"elementor-button-text\">View on UltraSignup<\/span>\n\t\t\t\t\t<\/span>\n\t\t\t\t\t<\/a>\n\t\t\t\t<\/div>\n\t\t\t\t\t\t\t\t<\/div>\n\t\t\t\t<\/div>\n\t\t\t\t<div class=\"elementor-element elementor-element-82d6fc7 elementor-hidden-desktop elementor-hidden-tablet elementor-hidden-mobile elementor-widget elementor-widget-image\" data-id=\"82d6fc7\" data-element_type=\"widget\" data-e-type=\"widget\" data-widget_type=\"image.default\">\n\t\t\t\t<div class=\"elementor-widget-container\">\n\t\t\t\t\t\t\t\t\t\t\t\t\t\t\t<img decoding=\"async\" width=\"300\" height=\"55\" src=\"https:\/\/i0.wp.com\/ac100.com\/wp-content\/uploads\/2022\/12\/ultrasignup.webp?fit=300%2C55&amp;ssl=1\" class=\"attachment-medium size-medium wp-image-14056\" alt=\"\" srcset=\"https:\/\/i0.wp.com\/ac100.com\/wp-content\/uploads\/2022\/12\/ultrasignup.webp?w=450&amp;ssl=1 450w, https:\/\/i0.wp.com\/ac100.com\/wp-content\/uploads\/2022\/12\/ultrasignup.webp?resize=300%2C55&amp;ssl=1 300w\" sizes=\"(max-width: 300px) 100vw, 300px\" \/>\t\t\t\t\t\t\t\t\t\t\t\t\t\t\t<\/div>\n\t\t\t\t<\/div>\n\t\t\t\t<\/div>\n\t\t<div class=\"elementor-element elementor-element-496e9a9 e-con-full e-flex e-con e-child\" data-id=\"496e9a9\" data-element_type=\"container\" data-e-type=\"container\">\n\t\t\t\t<div class=\"elementor-element elementor-element-88d379c elementor-widget elementor-widget-image\" data-id=\"88d379c\" data-element_type=\"widget\" data-e-type=\"widget\" data-widget_type=\"image.default\">\n\t\t\t\t<div class=\"elementor-widget-container\">\n\t\t\t\t\t\t\t\t\t\t\t\t\t\t\t<img fetchpriority=\"high\" decoding=\"async\" width=\"1225\" height=\"817\" src=\"https:\/\/i0.wp.com\/ac100.com\/wp-content\/uploads\/2025\/08\/103091144-AC100-Aug-02-2019-KP-0-4-1.webp?fit=1225%2C817&amp;ssl=1\" class=\"attachment-full size-full wp-image-21244\" alt=\"Runners line up beneath the gazebo at Wrightwood Community Center during AC100 bib check-in.\" srcset=\"https:\/\/i0.wp.com\/ac100.com\/wp-content\/uploads\/2025\/08\/103091144-AC100-Aug-02-2019-KP-0-4-1.webp?w=1225&amp;ssl=1 1225w, https:\/\/i0.wp.com\/ac100.com\/wp-content\/uploads\/2025\/08\/103091144-AC100-Aug-02-2019-KP-0-4-1.webp?resize=300%2C200&amp;ssl=1 300w, https:\/\/i0.wp.com\/ac100.com\/wp-content\/uploads\/2025\/08\/103091144-AC100-Aug-02-2019-KP-0-4-1.webp?resize=1024%2C683&amp;ssl=1 1024w, https:\/\/i0.wp.com\/ac100.com\/wp-content\/uploads\/2025\/08\/103091144-AC100-Aug-02-2019-KP-0-4-1.webp?resize=768%2C512&amp;ssl=1 768w, https:\/\/i0.wp.com\/ac100.com\/wp-content\/uploads\/2025\/08\/103091144-AC100-Aug-02-2019-KP-0-4-1.webp?resize=18%2C12&amp;ssl=1 18w, https:\/\/i0.wp.com\/ac100.com\/wp-content\/uploads\/2025\/08\/103091144-AC100-Aug-02-2019-KP-0-4-1.webp?resize=600%2C400&amp;ssl=1 600w\" sizes=\"(max-width: 800px) 100vw, 800px\" \/>\t\t\t\t\t\t\t\t\t\t\t\t\t\t\t<\/div>\n\t\t\t\t<\/div>\n\t\t\t\t<\/div>\n\t\t\t\t\t<\/div>\n\t\t\t\t<\/div>\n\t\t<div class=\"elementor-element elementor-element-a1b0920 e-flex e-con-boxed e-con e-parent\" data-id=\"a1b0920\" data-element_type=\"container\" data-e-type=\"container\" data-settings=\"{&quot;background_background&quot;:&quot;classic&quot;}\">\n\t\t\t\t\t<div class=\"e-con-inner\">\n\t\t<div class=\"elementor-element elementor-element-58b8615 e-con-full e-flex e-con e-child\" data-id=\"58b8615\" data-element_type=\"container\" data-e-type=\"container\">\n\t\t\t\t<div class=\"elementor-element elementor-element-fedfae0 elementor-widget__width-initial elementor-hidden-desktop elementor-hidden-tablet elementor-hidden-mobile elementor-widget elementor-widget-heading\" data-id=\"fedfae0\" data-element_type=\"widget\" data-e-type=\"widget\" data-widget_type=\"heading.default\">\n\t\t\t\t<div class=\"elementor-widget-container\">\n\t\t\t\t\t<h2 class=\"elementor-heading-title elementor-size-default\">the Waitlist is now <span style=\"color:#FFFFFF\">Open<\/span> <\/h2>\t\t\t\t<\/div>\n\t\t\t\t<\/div>\n\t\t\t\t<div class=\"elementor-element elementor-element-94532ad elementor-widget elementor-widget-spacer\" data-id=\"94532ad\" data-element_type=\"widget\" data-e-type=\"widget\" data-widget_type=\"spacer.default\">\n\t\t\t\t<div class=\"elementor-widget-container\">\n\t\t\t\t\t\t\t<div class=\"elementor-spacer\">\n\t\t\t<div class=\"elementor-spacer-inner\"><\/div>\n\t\t<\/div>\n\t\t\t\t\t\t<\/div>\n\t\t\t\t<\/div>\n\t\t\t\t<div class=\"elementor-element elementor-element-c049682 elementor-widget__width-initial elementor-widget elementor-widget-heading\" data-id=\"c049682\" data-element_type=\"widget\" data-e-type=\"widget\" data-widget_type=\"heading.default\">\n\t\t\t\t<div class=\"elementor-widget-container\">\n\t\t\t\t\t<h2 class=\"elementor-heading-title elementor-size-default\">THE LOTTERY <span style=\"color:#FFFFFF\">CLOSED<\/span> on <span style=\"color:#FFFFFF\">September 29, 2025<\/span>\n<\/h2>\t\t\t\t<\/div>\n\t\t\t\t<\/div>\n\t\t\t\t<div class=\"elementor-element elementor-element-b243542 elementor-widget elementor-widget-spacer\" data-id=\"b243542\" data-element_type=\"widget\" data-e-type=\"widget\" data-widget_type=\"spacer.default\">\n\t\t\t\t<div class=\"elementor-widget-container\">\n\t\t\t\t\t\t\t<div class=\"elementor-spacer\">\n\t\t\t<div class=\"elementor-spacer-inner\"><\/div>\n\t\t<\/div>\n\t\t\t\t\t\t<\/div>\n\t\t\t\t<\/div>\n\t\t\t\t<div class=\"elementor-element elementor-element-22bec10 elementor-widget elementor-widget-text-editor\" data-id=\"22bec10\" data-element_type=\"widget\" data-e-type=\"widget\" data-widget_type=\"text-editor.default\">\n\t\t\t\t<div class=\"elementor-widget-container\">\n\t\t\t\t\t\t\t\t\t<p>Your card will only be charged if you are selected.<\/p>\t\t\t\t\t\t\t\t<\/div>\n\t\t\t\t<\/div>\n\t\t\t\t<div class=\"elementor-element elementor-element-885f460 elementor-hidden-desktop elementor-hidden-tablet elementor-hidden-mobile elementor-widget elementor-widget-text-editor\" data-id=\"885f460\" data-element_type=\"widget\" data-e-type=\"widget\" data-widget_type=\"text-editor.default\">\n\t\t\t\t<div class=\"elementor-widget-container\">\n\t\t\t\t\t\t\t\t\t<p>If you are selected from the waitlist you will have the option to accept or decline your entry.<\/p>\t\t\t\t\t\t\t\t<\/div>\n\t\t\t\t<\/div>\n\t\t\t\t<\/div>\n\t\t\t\t\t<\/div>\n\t\t\t\t<\/div>\n\t\t<div class=\"elementor-element elementor-element-55709f6 e-flex e-con-boxed e-con e-parent\" data-id=\"55709f6\" data-element_type=\"container\" data-e-type=\"container\" data-settings=\"{&quot;background_background&quot;:&quot;classic&quot;}\">\n\t\t\t\t\t<div class=\"e-con-inner\">\n\t\t\t\t<div class=\"elementor-element elementor-element-aa3c454 elementor-widget elementor-widget-spacer\" data-id=\"aa3c454\" data-element_type=\"widget\" data-e-type=\"widget\" data-widget_type=\"spacer.default\">\n\t\t\t\t<div class=\"elementor-widget-container\">\n\t\t\t\t\t\t\t<div class=\"elementor-spacer\">\n\t\t\t<div class=\"elementor-spacer-inner\"><\/div>\n\t\t<\/div>\n\t\t\t\t\t\t<\/div>\n\t\t\t\t<\/div>\n\t\t\t\t\t<\/div>\n\t\t\t\t<\/div>\n\t\t<div class=\"elementor-element elementor-element-9c921a6 e-flex e-con-boxed e-con e-parent\" data-id=\"9c921a6\" data-element_type=\"container\" data-e-type=\"container\" data-settings=\"{&quot;background_background&quot;:&quot;classic&quot;}\">\n\t\t\t\t\t<div class=\"e-con-inner\">\n\t\t\t\t<div class=\"elementor-element elementor-element-6c4fef9 elementor-widget__width-initial elementor-widget elementor-widget-heading\" data-id=\"6c4fef9\" data-element_type=\"widget\" data-e-type=\"widget\" id=\"lottery-process\" data-widget_type=\"heading.default\">\n\t\t\t\t<div class=\"elementor-widget-container\">\n\t\t\t\t\t<h2 class=\"elementor-heading-title elementor-size-default\">Lottery Process<br><\/h2>\t\t\t\t<\/div>\n\t\t\t\t<\/div>\n\t\t\t\t\t<\/div>\n\t\t\t\t<\/div>\n\t\t<div class=\"elementor-element elementor-element-5a77831 e-flex e-con-boxed e-con e-parent\" data-id=\"5a77831\" data-element_type=\"container\" data-e-type=\"container\">\n\t\t\t\t\t<div class=\"e-con-inner\">\n\t\t<div class=\"elementor-element elementor-element-de9605d e-con-full e-flex e-con e-child\" data-id=\"de9605d\" data-element_type=\"container\" data-e-type=\"container\">\n\t\t\t\t<div class=\"elementor-element elementor-element-fbb1971 elementor-widget elementor-widget-text-editor\" data-id=\"fbb1971\" data-element_type=\"widget\" data-e-type=\"widget\" data-widget_type=\"text-editor.default\">\n\t\t\t\t<div class=\"elementor-widget-container\">\n\t\t\t\t\t\t\t\t\t<h4 id=\"key-dates\">Key Dates<\/h4><ul><li><strong>Lottery Opened:<\/strong> September 19, 2025<\/li><li><strong>Lottery Closed:<\/strong> September 29, 2025<\/li><li><strong>Entrants + Waitlist Published:<\/strong> October 3rd, 2025<\/li><li><strong>Trail Work &amp; Qualifier Deadline:<\/strong> September 3, 2026<\/li><li><strong>Waitlist Closes:<\/strong> September 10, 2026<\/li><\/ul><h4 id=\"how-lottery-works\">How the Lottery Works<\/h4><ul><li>Lottery hosted on <strong>UltraSignup<\/strong> for the 2026 AC100 Race<\/li><li>Your card is <strong>only charged if selected<\/strong> for the Entrants List<\/li><li>~210 Lottery spots available (others reserved for volunteers, sponsors, Sterling Silver Ticket holders)<\/li><li>Not selected? You\u2019ll be <strong>automatically added to the Waitlist<\/strong> in draw order<\/li><li>We will reopen limited waitlist registration later this fall if additional spots become available.<\/li><li>Waitlist runners will be invited to fill open spots until <strong>September 10, 2026<\/strong><\/li><\/ul><h4 id=\"refund-policy\">Refund Policy<\/h4><ul><li><strong>50% refund<\/strong> available through <strong>May 1, 2026<\/strong><\/li><li><strong>25% refund<\/strong> available through <strong>September 1, 2026<\/strong><\/li><li>Contact us directly to request a refund<\/li><li>Refunds go to the original payment method if possible; after 5 months may be issued by mailed check<\/li><li><strong>No deferrals or rollovers<\/strong><\/li><li data-start=\"828\" data-end=\"921\"><p data-start=\"830\" data-end=\"921\">In the event of cancellation or significant course changes, <strong data-start=\"890\" data-end=\"921\">adjusted policies may apply<\/strong><\/p><\/li><\/ul><h4 id=\"entry-requirements\">Entry Requirements<\/h4><ul><li>Run a <strong>50+ mile race<\/strong> between January 1, 2025, and September 3, 2026<\/li><li>You <strong>don\u2019t need the qualifier<\/strong> to enter the Lottery.\u00a0<\/li><li>Virtual races do not count.<\/li><li>You can submit your qualifier during registration or later by emailing your <strong data-start=\"299\" data-end=\"307\">name<\/strong>, the <strong data-start=\"313\" data-end=\"334\">name and distance<\/strong> of your qualifying race, and either an <strong data-start=\"374\" data-end=\"402\">UltraSignup results link<\/strong> or <strong data-start=\"406\" data-end=\"426\">official results<\/strong> via our <a href=\"https:\/\/ac100.com\/es\/help\/\">Contact Us page.<\/a><br data-start=\"347\" data-end=\"350\" \/><strong data-start=\"352\" data-end=\"384\">Deadline: September 3, 2026.<\/strong><\/li><li>Complete and <a href=\"\/es\/submit-trail-work\/#form\">submit 8 hours of Trail Work<\/a> by September 3, 2026<\/li><li><strong>South of Fresno?<\/strong> Do Trail Work with AC100<\/li><li><strong>North of Fresno or out of state?<\/strong> Work with a local trail org or race<\/li><li>Trail Work schedules posted in Spring 2026 on <a href=\"https:\/\/www.facebook.com\/AC100race\" target=\"_blank\" rel=\"noopener\">Facebook<\/a> y <a href=\"\/es\/submit-trail-work\/#opportunities\" rel=\"noopener\">Trail Work Page<\/a><\/li><\/ul><h4 id=\"solo-division\">SOLO Division<\/h4><ul><li>No pacers or crew allowed<\/li><li>Higher chance of being selected in the Lottery<\/li><li><strong>No division changes allowed after signup<\/strong><\/li><li>Eligible for special <a href=\"https:\/\/ac100.com\/es\/awards\/\" rel=\"noopener\">Solo Division awards and recognition<\/a><\/li><\/ul><h4 id=\"lottery-boosts\">Lottery Boosts<\/h4><ul><li>Previous AC100 finishes<\/li><li>Entered last year\u2019s Lottery but weren\u2019t selected<\/li><li>Entered the SOLO division<\/li><li>Volunteered at the 2025 AC100<\/li><li>Going for 4 or more consecutive finishes<\/li><\/ul><h4>Stay Updated<\/h4><ul><li>Visit: <a href=\"https:\/\/ac100.com\/es\/#news-schedule\" rel=\"noopener\">ac100.com\/#news-schedule<\/a><\/li><li><a href=\"https:\/\/www.facebook.com\/AC100race\" target=\"_blank\" rel=\"noopener\">Facebook Page<\/a><\/li><li><a href=\"https:\/\/facebook.com\/groups\/AngelesCrest100\/\" target=\"_blank\" rel=\"noopener\">grupo de facebook<\/a><\/li><li>Subscribe to race news at the bottom of this page<\/li><\/ul><h4>Email Communications<\/h4><p>Once you register, you\u2019ll be automatically added to our entrants email list. We send race updates and communications directly to registered runners.<\/p><p>Need more details? Check out our <a class=\"decorated-link\" href=\"https:\/\/ac100.com\/es\/faq\/#application\" target=\"_new\" rel=\"noopener\" data-start=\"838\" data-end=\"903\">FAQ section on Applications<\/a> for more info.<\/p><h3 data-start=\"647\" data-end=\"668\">\u00a0<\/h3>\t\t\t\t\t\t\t\t<\/div>\n\t\t\t\t<\/div>\n\t\t\t\t<\/div>\n\t\t<div class=\"elementor-element elementor-element-8a4089b e-con-full e-flex e-con e-child\" data-id=\"8a4089b\" data-element_type=\"container\" data-e-type=\"container\">\n\t\t\t\t<div class=\"elementor-element elementor-element-df8936b elementor-widget elementor-widget-image\" data-id=\"df8936b\" data-element_type=\"widget\" data-e-type=\"widget\" data-widget_type=\"image.default\">\n\t\t\t\t<div class=\"elementor-widget-container\">\n\t\t\t\t\t\t\t\t\t\t\t\t\t\t\t<img decoding=\"async\" width=\"505\" height=\"507\" src=\"https:\/\/i0.wp.com\/ac100.com\/wp-content\/uploads\/2022\/11\/2019-AC100-Champ-Melissa-Danehey.-Photo-Kaori-Photo.webp?fit=505%2C507&amp;ssl=1\" class=\"attachment-large size-large wp-image-10960\" alt=\"2019 AC100 Champ Melissa Danehey. Photo- Kaori Photo\" srcset=\"https:\/\/i0.wp.com\/ac100.com\/wp-content\/uploads\/2022\/11\/2019-AC100-Champ-Melissa-Danehey.-Photo-Kaori-Photo.webp?w=505&amp;ssl=1 505w, https:\/\/i0.wp.com\/ac100.com\/wp-content\/uploads\/2022\/11\/2019-AC100-Champ-Melissa-Danehey.-Photo-Kaori-Photo.webp?resize=300%2C300&amp;ssl=1 300w, https:\/\/i0.wp.com\/ac100.com\/wp-content\/uploads\/2022\/11\/2019-AC100-Champ-Melissa-Danehey.-Photo-Kaori-Photo.webp?resize=150%2C150&amp;ssl=1 150w, https:\/\/i0.wp.com\/ac100.com\/wp-content\/uploads\/2022\/11\/2019-AC100-Champ-Melissa-Danehey.-Photo-Kaori-Photo.webp?resize=100%2C100&amp;ssl=1 100w\" sizes=\"(max-width: 505px) 100vw, 505px\" \/>\t\t\t\t\t\t\t\t\t\t\t\t\t\t\t<\/div>\n\t\t\t\t<\/div>\n\t\t\t\t<\/div>\n\t\t\t\t\t<\/div>\n\t\t\t\t<\/div>\n\t\t<div class=\"elementor-element elementor-element-d9c6ed9 e-flex e-con-boxed e-con e-parent\" data-id=\"d9c6ed9\" data-element_type=\"container\" data-e-type=\"container\">\n\t\t\t\t\t<div class=\"e-con-inner\">\n\t\t\t\t<div class=\"elementor-element elementor-element-425ee60 elementor-widget__width-auto elementor-mobile-align-center elementor-align-center elementor-widget elementor-widget-button\" data-id=\"425ee60\" data-element_type=\"widget\" data-e-type=\"widget\" data-widget_type=\"button.default\">\n\t\t\t\t<div class=\"elementor-widget-container\">\n\t\t\t\t\t\t\t\t\t<div class=\"elementor-button-wrapper\">\n\t\t\t\t\t<a class=\"elementor-button elementor-button-link elementor-size-sm\" href=\"https:\/\/ultrasignup.com\/register.aspx?did=129320\" target=\"_blank\">\n\t\t\t\t\t\t<span class=\"elementor-button-content-wrapper\">\n\t\t\t\t\t\t\t\t\t<span class=\"elementor-button-text\">View on UltraSignup<\/span>\n\t\t\t\t\t<\/span>\n\t\t\t\t\t<\/a>\n\t\t\t\t<\/div>\n\t\t\t\t\t\t\t\t<\/div>\n\t\t\t\t<\/div>\n\t\t\t\t<div class=\"elementor-element elementor-element-c19c29e elementor-widget elementor-widget-spacer\" data-id=\"c19c29e\" data-element_type=\"widget\" data-e-type=\"widget\" data-widget_type=\"spacer.default\">\n\t\t\t\t<div class=\"elementor-widget-container\">\n\t\t\t\t\t\t\t<div class=\"elementor-spacer\">\n\t\t\t<div class=\"elementor-spacer-inner\"><\/div>\n\t\t<\/div>\n\t\t\t\t\t\t<\/div>\n\t\t\t\t<\/div>\n\t\t\t\t\t<\/div>\n\t\t\t\t<\/div>\n\t\t\t\t<\/div>","protected":false},"excerpt":{"rendered":"<p>36TH ANNUAL ANGELES CREST 100 MILE ENDURANCERUN Get Ready for 2026 The legendary 100-mile run started back in 1986. One of the original five 100 milers. AC100 has strived to keep the race\u2019s original point-to-point course from Wrightwood to Altadena largely intact while preserving its level of difficulty. It\u2019s one of only 6 point-to-point 100-mile [&hellip;]<\/p>\n","protected":false},"author":1,"featured_media":0,"parent":0,"menu_order":0,"comment_status":"closed","ping_status":"closed","template":"","meta":{"footnotes":""},"class_list":["post-17","page","type-page","status-publish","hentry"],"jetpack_sharing_enabled":true,"_links":{"self":[{"href":"https:\/\/ac100.com\/es\/wp-json\/wp\/v2\/pages\/17","targetHints":{"allow":["GET"]}}],"collection":[{"href":"https:\/\/ac100.com\/es\/wp-json\/wp\/v2\/pages"}],"about":[{"href":"https:\/\/ac100.com\/es\/wp-json\/wp\/v2\/types\/page"}],"author":[{"embeddable":true,"href":"https:\/\/ac100.com\/es\/wp-json\/wp\/v2\/users\/1"}],"replies":[{"embeddable":true,"href":"https:\/\/ac100.com\/es\/wp-json\/wp\/v2\/comments?post=17"}],"version-history":[{"count":295,"href":"https:\/\/ac100.com\/es\/wp-json\/wp\/v2\/pages\/17\/revisions"}],"predecessor-version":[{"id":22405,"href":"https:\/\/ac100.com\/es\/wp-json\/wp\/v2\/pages\/17\/revisions\/22405"}],"wp:attachment":[{"href":"https:\/\/ac100.com\/es\/wp-json\/wp\/v2\/media?parent=17"}],"curies":[{"name":"wp","href":"https:\/\/api.w.org\/{rel}","templated":true}]}}