{"id":13760,"date":"2022-12-01T17:03:10","date_gmt":"2022-12-02T01:03:10","guid":{"rendered":"https:\/\/ac100.com\/?page_id=13760"},"modified":"2023-01-02T23:01:19","modified_gmt":"2023-01-03T07:01:19","slug":"save-ac100","status":"publish","type":"page","link":"https:\/\/ac100.com\/es\/save-ac100\/","title":{"rendered":"Guardar AC100"},"content":{"rendered":"<div data-elementor-type=\"wp-page\" data-elementor-id=\"13760\" class=\"elementor elementor-13760\" data-elementor-post-type=\"page\">\n\t\t\t\t<div class=\"elementor-element elementor-element-a30ef86 e-flex e-con-boxed e-con e-parent\" data-id=\"a30ef86\" data-element_type=\"container\" data-e-type=\"container\" data-settings=\"{&quot;background_background&quot;:&quot;classic&quot;}\">\n\t\t\t\t\t<div class=\"e-con-inner\">\n\t\t\t\t<div class=\"elementor-element elementor-element-5a0dcc2 elementor-widget elementor-widget-spacer\" data-id=\"5a0dcc2\" data-element_type=\"widget\" data-e-type=\"widget\" data-widget_type=\"spacer.default\">\n\t\t\t\t<div class=\"elementor-widget-container\">\n\t\t\t\t\t\t\t<div class=\"elementor-spacer\">\n\t\t\t<div class=\"elementor-spacer-inner\"><\/div>\n\t\t<\/div>\n\t\t\t\t\t\t<\/div>\n\t\t\t\t<\/div>\n\t\t\t\t\t<\/div>\n\t\t\t\t<\/div>\n\t\t<div class=\"elementor-element elementor-element-5a904210 e-flex e-con-boxed e-con e-parent\" data-id=\"5a904210\" data-element_type=\"container\" data-e-type=\"container\" data-settings=\"{&quot;background_background&quot;:&quot;classic&quot;}\">\n\t\t\t\t\t<div class=\"e-con-inner\">\n\t\t<div class=\"elementor-element elementor-element-691cfb78 e-flex e-con-boxed e-con e-parent\" data-id=\"691cfb78\" data-element_type=\"container\" data-e-type=\"container\">\n\t\t\t\t\t<div class=\"e-con-inner\">\n\t\t<div class=\"elementor-element elementor-element-4ceb2077 e-con-full e-flex e-con e-parent\" data-id=\"4ceb2077\" data-element_type=\"container\" data-e-type=\"container\">\n\t\t\t\t<div class=\"elementor-element elementor-element-423ce59a elementor-widget__width-initial elementor-widget elementor-widget-heading\" data-id=\"423ce59a\" data-element_type=\"widget\" data-e-type=\"widget\" data-widget_type=\"heading.default\">\n\t\t\t\t<div class=\"elementor-widget-container\">\n\t\t\t\t\t<h1 class=\"elementor-heading-title elementor-size-default\">Guardar AC100<\/h1>\t\t\t\t<\/div>\n\t\t\t\t<\/div>\n\t\t\t\t<\/div>\n\t\t<div class=\"elementor-element elementor-element-625a771b e-con-full e-flex e-con e-parent\" data-id=\"625a771b\" data-element_type=\"container\" data-e-type=\"container\">\n\t\t\t\t<div class=\"elementor-element elementor-element-7a74987 elementor-widget elementor-widget-spacer\" data-id=\"7a74987\" data-element_type=\"widget\" data-e-type=\"widget\" data-widget_type=\"spacer.default\">\n\t\t\t\t<div class=\"elementor-widget-container\">\n\t\t\t\t\t\t\t<div class=\"elementor-spacer\">\n\t\t\t<div class=\"elementor-spacer-inner\"><\/div>\n\t\t<\/div>\n\t\t\t\t\t\t<\/div>\n\t\t\t\t<\/div>\n\t\t\t\t<\/div>\n\t\t\t\t\t<\/div>\n\t\t\t\t<\/div>\n\t\t\t\t\t<\/div>\n\t\t\t\t<\/div>\n\t\t<div class=\"elementor-element elementor-element-67302c3f e-flex e-con-boxed e-con e-parent\" data-id=\"67302c3f\" data-element_type=\"container\" data-e-type=\"container\">\n\t\t\t\t\t<div class=\"e-con-inner\">\n\t\t<div class=\"elementor-element elementor-element-3829000a e-con-full e-flex e-con e-parent\" data-id=\"3829000a\" data-element_type=\"container\" data-e-type=\"container\">\n\t\t\t\t<div class=\"elementor-element elementor-element-660b6f7e elementor-widget elementor-widget-heading\" data-id=\"660b6f7e\" data-element_type=\"widget\" data-e-type=\"widget\" data-widget_type=\"heading.default\">\n\t\t\t\t<div class=\"elementor-widget-container\">\n\t\t\t\t\t<h2 class=\"elementor-heading-title elementor-size-default\">Necesitamos su ayuda para llegar a sus senadores<\/h2>\t\t\t\t<\/div>\n\t\t\t\t<\/div>\n\t\t\t\t<div class=\"elementor-element elementor-element-28f736a elementor-widget elementor-widget-text-editor\" data-id=\"28f736a\" data-element_type=\"widget\" data-e-type=\"widget\" data-widget_type=\"text-editor.default\">\n\t\t\t\t<div class=\"elementor-widget-container\">\n\t\t\t\t\t\t\t\t\tLa Ley de R\u00edos y Estribaciones de las Monta\u00f1as de San Gabriel fue presentada por la congresista Judy Chu. La legislaci\u00f3n agrega nuevas \u00e1reas silvestres al Monumento Nacional de las Monta\u00f1as de San Gabriel, y el efecto en el recorrido de 100 Millas de Angeles Crest requerir\u00eda otra secci\u00f3n de la carretera salt\u00e1ndose el pin\u00e1culo del recorrido, el Monte Baden-Powell. \n\n\t\t\t\t\t\t\t\t<\/div>\n\t\t\t\t<\/div>\n\t\t\t\t<div class=\"elementor-element elementor-element-7547f52 elementor-widget elementor-widget-text-editor\" data-id=\"7547f52\" data-element_type=\"widget\" data-e-type=\"widget\" data-widget_type=\"text-editor.default\">\n\t\t\t\t<div class=\"elementor-widget-container\">\n\t\t\t\t\t\t\t\t\tComo resultado de las elecciones de 2020, el proyecto de ley original HR 2215 para la expansi\u00f3n de Sheep Mountain Wilderness muri\u00f3 y desde entonces se ha incorporado a HR 803. \n\t\t\t\t\t\t\t\t<\/div>\n\t\t\t\t<\/div>\n\t\t\t\t<div class=\"elementor-element elementor-element-ba71544 elementor-widget elementor-widget-text-editor\" data-id=\"ba71544\" data-element_type=\"widget\" data-e-type=\"widget\" data-widget_type=\"text-editor.default\">\n\t\t\t\t<div class=\"elementor-widget-container\">\n\t\t\t\t\t\t\t\t\tEl proyecto de ley HR803 fue aprobado por la C\u00e1mara en 2021 y est\u00e1 esperando que el Senado lo apruebe. Los corredores deben escribir a sus senadores y explicarles su apoyo al proyecto de ley explicando su amor por San Gabriels, AC100 y el trabajo en los senderos. \t\t\t\t\t\t\t\t<\/div>\n\t\t\t\t<\/div>\n\t\t\t\t<div class=\"elementor-element elementor-element-a86c932 elementor-widget elementor-widget-heading\" data-id=\"a86c932\" data-element_type=\"widget\" data-e-type=\"widget\" data-widget_type=\"heading.default\">\n\t\t\t\t<div class=\"elementor-widget-container\">\n\t\t\t\t\t<h2 class=\"elementor-heading-title elementor-size-default\"><span style=\"color:#296589\">estamos en la factura<\/span> aqu\u00ed bajo la secci\u00f3n 524:  <\/h2>\t\t\t\t<\/div>\n\t\t\t\t<\/div>\n\t\t\t\t<div class=\"elementor-element elementor-element-9919093 elementor-widget elementor-widget-text-editor\" data-id=\"9919093\" data-element_type=\"widget\" data-e-type=\"widget\" data-widget_type=\"text-editor.default\">\n\t\t\t\t<div class=\"elementor-widget-container\">\n\t\t\t\t\t\t\t\t\t(l) Eventos autorizados.\u2014El Secretario de Agricultura puede autorizar que el evento de carreras competitivas Angeles Crest 100 contin\u00fae sustancialmente de la misma manera y grado en que este evento fue operado y permitido en 2015 dentro de las adiciones a Sheep Mountain Wilderness en la secci\u00f3n 523 de este t\u00edtulo y el \u00c1rea Silvestre de Pleasant View Ridge designada por la secci\u00f3n 1802 de la Ley \u00d3mnibus de Gesti\u00f3n de Tierras P\u00fablicas de 2009, siempre que el evento est\u00e9 autorizado y llevado a cabo de una manera compatible con la preservaci\u00f3n de las \u00e1reas como \u00e1reas silvestres.  \t\t\t\t\t\t\t\t<\/div>\n\t\t\t\t<\/div>\n\t\t\t\t<\/div>\n\t\t<div class=\"elementor-element elementor-element-10ab8a35 e-con-full e-flex e-con e-parent\" data-id=\"10ab8a35\" data-element_type=\"container\" data-e-type=\"container\">\n\t\t\t\t<div class=\"elementor-element elementor-element-29a49d3 elementor-widget elementor-widget-image\" data-id=\"29a49d3\" data-element_type=\"widget\" data-e-type=\"widget\" data-widget_type=\"image.default\">\n\t\t\t\t<div class=\"elementor-widget-container\">\n\t\t\t\t\t\t\t\t\t\t\t\t\t\t\t<img fetchpriority=\"high\" decoding=\"async\" width=\"479\" height=\"512\" src=\"https:\/\/i0.wp.com\/ac100.com\/wp-content\/uploads\/2023\/01\/qw.png?fit=479%2C512&amp;ssl=1\" class=\"attachment-large size-large wp-image-14593\" alt=\"\" srcset=\"https:\/\/i0.wp.com\/ac100.com\/wp-content\/uploads\/2023\/01\/qw.png?w=479&amp;ssl=1 479w, https:\/\/i0.wp.com\/ac100.com\/wp-content\/uploads\/2023\/01\/qw.png?resize=281%2C300&amp;ssl=1 281w\" sizes=\"(max-width: 479px) 100vw, 479px\" \/>\t\t\t\t\t\t\t\t\t\t\t\t\t\t\t<\/div>\n\t\t\t\t<\/div>\n\t\t\t\t<\/div>\n\t\t\t\t\t<\/div>\n\t\t\t\t<\/div>\n\t\t<div class=\"elementor-element elementor-element-2849735 e-flex e-con-boxed e-con e-parent\" data-id=\"2849735\" data-element_type=\"container\" data-e-type=\"container\" data-settings=\"{&quot;background_background&quot;:&quot;classic&quot;}\">\n\t\t\t\t\t<div class=\"e-con-inner\">\n\t\t\t\t<div class=\"elementor-element elementor-element-3fad7ff elementor-widget elementor-widget-heading\" data-id=\"3fad7ff\" data-element_type=\"widget\" data-e-type=\"widget\" data-widget_type=\"heading.default\">\n\t\t\t\t<div class=\"elementor-widget-container\">\n\t\t\t\t\t<h2 class=\"elementor-heading-title elementor-size-default\">Necesitamos su ayuda para comunicarnos con su senador para ayudarlo a obtener acceso al sendero AC100 y evitar que la carrera se convierta en una carrera en ruta.<\/h2>\t\t\t\t<\/div>\n\t\t\t\t<\/div>\n\t\t\t\t\t<\/div>\n\t\t\t\t<\/div>\n\t\t<div class=\"elementor-element elementor-element-28924ba e-flex e-con-boxed e-con e-parent\" data-id=\"28924ba\" data-element_type=\"container\" data-e-type=\"container\">\n\t\t\t\t\t<div class=\"e-con-inner\">\n\t\t<div class=\"elementor-element elementor-element-4bd4870 e-con-full e-flex e-con e-parent\" data-id=\"4bd4870\" data-element_type=\"container\" data-e-type=\"container\">\n\t\t<div class=\"elementor-element elementor-element-5d10ee5 e-flex e-con-boxed e-con e-parent\" data-id=\"5d10ee5\" data-element_type=\"container\" data-e-type=\"container\">\n\t\t\t\t\t<div class=\"e-con-inner\">\n\t\t<div class=\"elementor-element elementor-element-c07ef87 e-con-full e-flex e-con e-parent\" data-id=\"c07ef87\" data-element_type=\"container\" data-e-type=\"container\">\n\t\t\t\t<div class=\"elementor-element elementor-element-eef334e elementor-widget elementor-widget-heading\" data-id=\"eef334e\" data-element_type=\"widget\" data-e-type=\"widget\" data-widget_type=\"heading.default\">\n\t\t\t\t<div class=\"elementor-widget-container\">\n\t\t\t\t\t<h2 class=\"elementor-heading-title elementor-size-default\">PASO 1 :<\/h2>\t\t\t\t<\/div>\n\t\t\t\t<\/div>\n\t\t\t\t<\/div>\n\t\t<div class=\"elementor-element elementor-element-0d6c0e4 e-con-full e-flex e-con e-parent\" data-id=\"0d6c0e4\" data-element_type=\"container\" data-e-type=\"container\">\n\t\t\t\t<div class=\"elementor-element elementor-element-c5c3a84 elementor-widget elementor-widget-text-editor\" data-id=\"c5c3a84\" data-element_type=\"widget\" data-e-type=\"widget\" data-widget_type=\"text-editor.default\">\n\t\t\t\t<div class=\"elementor-widget-container\">\n\t\t\t\t\t\t\t\t\t<p>Encuentra a tu senador, <a href=\"https:\/\/www.senate.gov\/senators\/senators-contact.htm\">aqu\u00ed<\/a>.<\/p>\t\t\t\t\t\t\t\t<\/div>\n\t\t\t\t<\/div>\n\t\t\t\t<\/div>\n\t\t\t\t\t<\/div>\n\t\t\t\t<\/div>\n\t\t<div class=\"elementor-element elementor-element-f075a32 e-flex e-con-boxed e-con e-parent\" data-id=\"f075a32\" data-element_type=\"container\" data-e-type=\"container\">\n\t\t\t\t\t<div class=\"e-con-inner\">\n\t\t<div class=\"elementor-element elementor-element-e188e37 e-con-full e-flex e-con e-parent\" data-id=\"e188e37\" data-element_type=\"container\" data-e-type=\"container\">\n\t\t\t\t<div class=\"elementor-element elementor-element-c6fee9a elementor-widget elementor-widget-heading\" data-id=\"c6fee9a\" data-element_type=\"widget\" data-e-type=\"widget\" data-widget_type=\"heading.default\">\n\t\t\t\t<div class=\"elementor-widget-container\">\n\t\t\t\t\t<h2 class=\"elementor-heading-title elementor-size-default\">Paso 2 : <\/h2>\t\t\t\t<\/div>\n\t\t\t\t<\/div>\n\t\t\t\t<\/div>\n\t\t<div class=\"elementor-element elementor-element-742d64a e-con-full e-flex e-con e-parent\" data-id=\"742d64a\" data-element_type=\"container\" data-e-type=\"container\">\n\t\t\t\t<div class=\"elementor-element elementor-element-2a97fb3 elementor-widget elementor-widget-text-editor\" data-id=\"2a97fb3\" data-element_type=\"widget\" data-e-type=\"widget\" data-widget_type=\"text-editor.default\">\n\t\t\t\t<div class=\"elementor-widget-container\">\n\t\t\t\t\t\t\t\t\tP\u00f3ngase en contacto con su senador a trav\u00e9s de su sitio web. Copie y pegue la siguiente carta (agregue su nombre\/t\u00edtulo) y agregue su historia personal como mejor le parezca. \t\t\t\t\t\t\t\t<\/div>\n\t\t\t\t<\/div>\n\t\t\t\t<\/div>\n\t\t\t\t\t<\/div>\n\t\t\t\t<\/div>\n\t\t<div class=\"elementor-element elementor-element-110d80e e-flex e-con-boxed e-con e-parent\" data-id=\"110d80e\" data-element_type=\"container\" data-e-type=\"container\">\n\t\t\t\t\t<div class=\"e-con-inner\">\n\t\t<div class=\"elementor-element elementor-element-b70825e e-con-full e-flex e-con e-parent\" data-id=\"b70825e\" data-element_type=\"container\" data-e-type=\"container\">\n\t\t\t\t<div class=\"elementor-element elementor-element-d56710e elementor-widget elementor-widget-heading\" data-id=\"d56710e\" data-element_type=\"widget\" data-e-type=\"widget\" data-widget_type=\"heading.default\">\n\t\t\t\t<div class=\"elementor-widget-container\">\n\t\t\t\t\t<h2 class=\"elementor-heading-title elementor-size-default\">Paso 3 :<\/h2>\t\t\t\t<\/div>\n\t\t\t\t<\/div>\n\t\t\t\t<\/div>\n\t\t<div class=\"elementor-element elementor-element-d1203d6 e-con-full e-flex e-con e-parent\" data-id=\"d1203d6\" data-element_type=\"container\" data-e-type=\"container\">\n\t\t\t\t<div class=\"elementor-element elementor-element-399cd27 elementor-widget elementor-widget-text-editor\" data-id=\"399cd27\" data-element_type=\"widget\" data-e-type=\"widget\" data-widget_type=\"text-editor.default\">\n\t\t\t\t<div class=\"elementor-widget-container\">\n\t\t\t\t\t\t\t\t\tSi no recibe respuesta dentro de una semana, llame a la oficina y solicite una respuesta. Recuerda, \u00a1tu Senador trabaja para ti! \t\t\t\t\t\t\t\t<\/div>\n\t\t\t\t<\/div>\n\t\t\t\t<\/div>\n\t\t\t\t\t<\/div>\n\t\t\t\t<\/div>\n\t\t\t\t<\/div>\n\t\t<div class=\"elementor-element elementor-element-c95ac06 e-con-full e-flex e-con e-parent\" data-id=\"c95ac06\" data-element_type=\"container\" data-e-type=\"container\">\n\t\t\t\t<div class=\"elementor-element elementor-element-d2cea47 elementor-widget elementor-widget-image\" data-id=\"d2cea47\" data-element_type=\"widget\" data-e-type=\"widget\" data-widget_type=\"image.default\">\n\t\t\t\t<div class=\"elementor-widget-container\">\n\t\t\t\t\t\t\t\t\t\t\t\t\t\t\t<img decoding=\"async\" width=\"743\" height=\"371\" src=\"https:\/\/i0.wp.com\/ac100.com\/wp-content\/uploads\/2023\/01\/04.png?fit=743%2C371&amp;ssl=1\" class=\"attachment-large size-large wp-image-14615\" alt=\"\" srcset=\"https:\/\/i0.wp.com\/ac100.com\/wp-content\/uploads\/2023\/01\/04.png?w=743&amp;ssl=1 743w, https:\/\/i0.wp.com\/ac100.com\/wp-content\/uploads\/2023\/01\/04.png?resize=300%2C150&amp;ssl=1 300w\" sizes=\"(max-width: 743px) 100vw, 743px\" \/>\t\t\t\t\t\t\t\t\t\t\t\t\t\t\t<\/div>\n\t\t\t\t<\/div>\n\t\t\t\t<\/div>\n\t\t\t\t\t<\/div>\n\t\t\t\t<\/div>\n\t\t<div class=\"elementor-element elementor-element-f3c1e3a e-flex e-con-boxed e-con e-parent\" data-id=\"f3c1e3a\" data-element_type=\"container\" data-e-type=\"container\">\n\t\t\t\t\t<div class=\"e-con-inner\">\n\t\t<div class=\"elementor-element elementor-element-4fe6d76 e-con-full e-flex e-con e-parent\" data-id=\"4fe6d76\" data-element_type=\"container\" data-e-type=\"container\">\n\t\t\t\t<\/div>\n\t\t<div class=\"elementor-element elementor-element-bc09540 e-con-full e-flex e-con e-parent\" data-id=\"bc09540\" data-element_type=\"container\" data-e-type=\"container\" data-settings=\"{&quot;background_background&quot;:&quot;classic&quot;}\">\n\t\t\t\t<div class=\"elementor-element elementor-element-c68fea6 elementor-widget elementor-widget-text-editor\" data-id=\"c68fea6\" data-element_type=\"widget\" data-e-type=\"widget\" data-widget_type=\"text-editor.default\">\n\t\t\t\t<div class=\"elementor-widget-container\">\n\t\t\t\t\t\t\t\t\tSoy (escriba su nombre aqu\u00ed), un (participante\/voluntario\/partidario) de Angeles Crest 100 Mile Endurance Run(1). Como constituyente, le escribo con la esperanza de que pueda ayudar a que este acontecimiento hist\u00f3rico de 32 a\u00f1os siga existiendo. Desde 1986, los corredores se han reunido en la l\u00ednea de salida de la carrera en Wrightwood, CA, para ponerse a prueba a lo largo de un recorrido de 100 millas que recorre el Pacific Crest Trail y otros senderos del Bosque Nacional \u00c1ngeles que terminan en Altadena (2). La carrera tiene una orgullosa tradici\u00f3n de conservaci\u00f3n al requerir que cada corredor complete 8 horas de trabajo en el sendero. Esto ha resultado en decenas de miles de horas de voluntariado que han quitado \u00e1rboles ca\u00eddos, construido muros de contenci\u00f3n, limpiado maleza y reconstruido senderos destruidos por incendios e inundaciones (3). En 2002 y 2009, los incendios impidieron que se llevara a cabo la carrera, pero ahora, en 2019, la extensi\u00f3n de Sheep Mountain Wilderness en la Ley de R\u00edos y Estribaciones de las Monta\u00f1as San Gabriel podr\u00eda impedir permanentemente que la carrera se lleve a cabo debido a las designaciones de \u00e1reas silvestres que nos impiden usar varios senderos clave. \t\t\t\t\t\t\t\t<\/div>\n\t\t\t\t<\/div>\n\t\t\t\t<div class=\"elementor-element elementor-element-eee43ff elementor-widget elementor-widget-text-editor\" data-id=\"eee43ff\" data-element_type=\"widget\" data-e-type=\"widget\" data-widget_type=\"text-editor.default\">\n\t\t\t\t<div class=\"elementor-widget-container\">\n\t\t\t\t\t\t\t\t\tComo ya sabr\u00e1, el Servicio Forestal Nacional tiene una regulaci\u00f3n para los permisos de \u00e1reas silvestres que impide que las carreras a pie utilicen senderos silvestres. Hemos intentado sin \u00e9xito obtener una exenci\u00f3n para utilizar senderos silvestres. Esto ha resultado en que el recorrido requiera la adici\u00f3n de 8 millas de carrera en la autopista 2 (Angeles Crest Highway) (4). Esta es una carretera de monta\u00f1a de un solo carril a 55 MPH, que hemos estado tratando de evitar por motivos est\u00e9ticos y de seguridad. Con la incorporaci\u00f3n de la expansi\u00f3n de Sheep Mountain Wilderness entre Baden Powell y Mt. Hawkins, ahora necesitaremos correr 20 millas de la carrera en la autopista 2. La progresi\u00f3n de la expansi\u00f3n de la naturaleza ha cambiado dr\u00e1sticamente la carrera y ha creado una carrera en ruta que ser\u00e1 inseguro para los corredores. \t\t\t\t\t\t\t\t<\/div>\n\t\t\t\t<\/div>\n\t\t\t\t<div class=\"elementor-element elementor-element-0f0d0b2 elementor-widget elementor-widget-text-editor\" data-id=\"0f0d0b2\" data-element_type=\"widget\" data-e-type=\"widget\" data-widget_type=\"text-editor.default\">\n\t\t\t\t<div class=\"elementor-widget-container\">\n\t\t\t\t\t\t\t\t\tLe imploro que considere permitir: \t\t\t\t\t\t\t\t<\/div>\n\t\t\t\t<\/div>\n\t\t\t\t<div class=\"elementor-element elementor-element-5e5662c elementor-widget elementor-widget-text-editor\" data-id=\"5e5662c\" data-element_type=\"widget\" data-e-type=\"widget\" data-widget_type=\"text-editor.default\">\n\t\t\t\t<div class=\"elementor-widget-container\">\n\t\t\t\t\t\t\t\t\t1) Un \u201ctallo de cerezo\u201d que excluye el Pacific Crest Trail de la designaci\u00f3n de \u00e1rea silvestre como se hizo para el Trail Canyon Trail en Yerba Buena Wilderness. (5)\n<br><br>\n2) Una disposici\u00f3n en el proyecto de ley que permite que Angeles Crest 100 Mile Endurance Run acceda a Wilderness Trails. Existe un precedente para esto, ya que la carrera de resistencia de 100 millas de Western States en el Bosque Nacional Tahoe est\u00e1 permitida a trav\u00e9s de Granite Chief Wilderness mediante una legislaci\u00f3n aprobada en 1988(6).\t\t\t\t\t\t\t\t<\/div>\n\t\t\t\t<\/div>\n\t\t\t\t<div class=\"elementor-element elementor-element-948dd29 elementor-widget elementor-widget-text-editor\" data-id=\"948dd29\" data-element_type=\"widget\" data-e-type=\"widget\" data-widget_type=\"text-editor.default\">\n\t\t\t\t<div class=\"elementor-widget-container\">\n\t\t\t\t\t\t\t\t\tLos objetivos comunes de Angeles Crest 100 y la Ley de R\u00edos y Estribaciones de las Monta\u00f1as de San Gabriel son aumentar las oportunidades de conservaci\u00f3n y recreaci\u00f3n para los miembros de nuestra comunidad. No veo ninguna raz\u00f3n por la que no podamos trabajar juntos para mantener los senderos y permitir el acceso a los corredores de resistencia. Por favor, av\u00edseme cu\u00e1ndo podemos reunirnos para discutir esto m\u00e1s a fondo. \t\t\t\t\t\t\t\t<\/div>\n\t\t\t\t<\/div>\n\t\t\t\t<div class=\"elementor-element elementor-element-3e80f8c elementor-widget elementor-widget-text-editor\" data-id=\"3e80f8c\" data-element_type=\"widget\" data-e-type=\"widget\" data-widget_type=\"text-editor.default\">\n\t\t\t\t<div class=\"elementor-widget-container\">\n\t\t\t\t\t\t\t\t\tReferencias citadas: \n\n\t\t\t\t\t\t\t\t<\/div>\n\t\t\t\t<\/div>\n\t\t\t\t<div class=\"elementor-element elementor-element-5d4d36e elementor-widget elementor-widget-text-editor\" data-id=\"5d4d36e\" data-element_type=\"widget\" data-e-type=\"widget\" data-widget_type=\"text-editor.default\">\n\t\t\t\t<div class=\"elementor-widget-container\">\n\t\t\t\t\t\t\t\t\t<ul><li>1 Sitio web AC100: https:\/\/ac100.com\/<\/li><li>2 Cortometraje AC100: https:\/\/www.youtube.com\/watch?v=Im-bUKn3hCw&amp;t=<\/li><li>3 Trabajo del sendero AC100: https:\/\/ac100.com\/docs\/trails2019.pdf<\/li><li>4 Mapa del curso AC100: https:\/\/ac100.com\/docs\/2019AC100MapBook.pdf<\/li><li>5 Exenci\u00f3n de bicicletas de monta\u00f1a: http:\/\/corbamtb.com\/news\/category\/regions\/san-gabriel-mountains\/page\/2\/<\/li><li>6 estados occidentales 100 historia: https:\/\/en.wikipedia.org\/wiki\/Western_States_Endurance_Run<\/li><\/ul>\t\t\t\t\t\t\t\t<\/div>\n\t\t\t\t<\/div>\n\t\t\t\t<\/div>\n\t\t<div class=\"elementor-element elementor-element-a00806a e-con-full e-flex e-con e-parent\" data-id=\"a00806a\" data-element_type=\"container\" data-e-type=\"container\">\n\t\t\t\t<\/div>\n\t\t\t\t\t<\/div>\n\t\t\t\t<\/div>\n\t\t<div class=\"elementor-element elementor-element-7992be2 e-flex e-con-boxed e-con e-parent\" data-id=\"7992be2\" data-element_type=\"container\" data-e-type=\"container\">\n\t\t\t\t\t<div class=\"e-con-inner\">\n\t\t<div class=\"elementor-element elementor-element-df81602 e-con-full e-flex e-con e-parent\" data-id=\"df81602\" data-element_type=\"container\" data-e-type=\"container\">\n\t\t\t\t<div class=\"elementor-element elementor-element-7f3b2db elementor-widget elementor-widget-heading\" data-id=\"7f3b2db\" data-element_type=\"widget\" data-e-type=\"widget\" data-widget_type=\"heading.default\">\n\t\t\t\t<div class=\"elementor-widget-container\">\n\t\t\t\t\t<h2 class=\"elementor-heading-title elementor-size-default\">Agradecimientos especiales a <\/h2>\t\t\t\t<\/div>\n\t\t\t\t<\/div>\n\t\t\t\t<div class=\"elementor-element elementor-element-6111318 elementor-widget elementor-widget-text-editor\" data-id=\"6111318\" data-element_type=\"widget\" data-e-type=\"widget\" data-widget_type=\"text-editor.default\">\n\t\t\t\t<div class=\"elementor-widget-container\">\n\t\t\t\t\t\t\t\t\tDominic Grossman, Adan Ortega, Ellen Kenney, Lauren Le Pagne y Katie Grossman por ayudar a que esta importante legislaci\u00f3n se convierta en una realidad para nuestra carrera hist\u00f3rica y para todos y cada uno de los corredores que trabajaron en senderos con Gary Hilliard y Hal Winton a lo largo de los a\u00f1os.  \t\t\t\t\t\t\t\t<\/div>\n\t\t\t\t<\/div>\n\t\t\t\t<\/div>\n\t\t<div class=\"elementor-element elementor-element-7cb2b6c e-con-full e-flex e-con e-parent\" data-id=\"7cb2b6c\" data-element_type=\"container\" data-e-type=\"container\">\n\t\t\t\t<div class=\"elementor-element elementor-element-75b1f4d elementor-widget elementor-widget-image\" data-id=\"75b1f4d\" data-element_type=\"widget\" data-e-type=\"widget\" data-widget_type=\"image.default\">\n\t\t\t\t<div class=\"elementor-widget-container\">\n\t\t\t\t\t\t\t\t\t\t\t\t\t\t\t<img decoding=\"async\" width=\"800\" height=\"389\" src=\"https:\/\/i0.wp.com\/ac100.com\/wp-content\/uploads\/2023\/01\/204.png?fit=800%2C389&amp;ssl=1\" class=\"attachment-large size-large wp-image-14629\" alt=\"\" srcset=\"https:\/\/i0.wp.com\/ac100.com\/wp-content\/uploads\/2023\/01\/204.png?w=808&amp;ssl=1 808w, https:\/\/i0.wp.com\/ac100.com\/wp-content\/uploads\/2023\/01\/204.png?resize=300%2C146&amp;ssl=1 300w, https:\/\/i0.wp.com\/ac100.com\/wp-content\/uploads\/2023\/01\/204.png?resize=768%2C374&amp;ssl=1 768w\" sizes=\"(max-width: 800px) 100vw, 800px\" \/>\t\t\t\t\t\t\t\t\t\t\t\t\t\t\t<\/div>\n\t\t\t\t<\/div>\n\t\t\t\t<\/div>\n\t\t\t\t\t<\/div>\n\t\t\t\t<\/div>\n\t\t\t\t<\/div>","protected":false},"excerpt":{"rendered":"<p>Save AC100 We need your help to reach out to your Senators The San Gabriel Mountains Foothills and Rivers Act was presented by Congresswoman Judy Chu. The legislation adds new wilderness areas the San Gabriel Mountains National Monument, and the effect on the Angeles Crest 100 Mile course would require another road section skipping the [&hellip;]<\/p>\n","protected":false},"author":1,"featured_media":0,"parent":0,"menu_order":0,"comment_status":"closed","ping_status":"closed","template":"","meta":{"footnotes":""},"class_list":["post-13760","page","type-page","status-publish","hentry"],"jetpack_sharing_enabled":true,"_links":{"self":[{"href":"https:\/\/ac100.com\/es\/wp-json\/wp\/v2\/pages\/13760","targetHints":{"allow":["GET"]}}],"collection":[{"href":"https:\/\/ac100.com\/es\/wp-json\/wp\/v2\/pages"}],"about":[{"href":"https:\/\/ac100.com\/es\/wp-json\/wp\/v2\/types\/page"}],"author":[{"embeddable":true,"href":"https:\/\/ac100.com\/es\/wp-json\/wp\/v2\/users\/1"}],"replies":[{"embeddable":true,"href":"https:\/\/ac100.com\/es\/wp-json\/wp\/v2\/comments?post=13760"}],"version-history":[{"count":72,"href":"https:\/\/ac100.com\/es\/wp-json\/wp\/v2\/pages\/13760\/revisions"}],"predecessor-version":[{"id":14767,"href":"https:\/\/ac100.com\/es\/wp-json\/wp\/v2\/pages\/13760\/revisions\/14767"}],"wp:attachment":[{"href":"https:\/\/ac100.com\/es\/wp-json\/wp\/v2\/media?parent=13760"}],"curies":[{"name":"wp","href":"https:\/\/api.w.org\/{rel}","templated":true}]}}